{"id":4082,"date":"2017-10-25T17:19:02","date_gmt":"2017-10-25T15:19:02","guid":{"rendered":"https:\/\/rawerk.se\/product\/artwerk-54-3\/"},"modified":"2021-03-30T15:18:06","modified_gmt":"2021-03-30T13:18:06","slug":"artwerk-54-3","status":"publish","type":"product","link":"https:\/\/rawerk.se\/sv\/produkt\/artwerk-54-3\/","title":{"rendered":"FOTO PRINT"},"content":{"rendered":"<p>Fotoutskrifterna m\u00e5ste monteras med l\u00e4mpliga skruvar. Olika v\u00e4ggmaterial kr\u00e4ver olika typer av f\u00e4stelement. Anv\u00e4nd f\u00e4stelement som \u00e4r l\u00e4mpliga f\u00f6r just din v\u00e4gg. Nedan finns instruktioner om hur du monterar Artwerk # 54.<\/p>\n","protected":false},"excerpt":{"rendered":"<p>Dessa foton \u00e4r tryckta p\u00e5 Hahnem\u00fchle, Photo Rag 308g och monterade p\u00e5 en svart oxiderad j\u00e4rnplatta. F\u00f6re oxidationen har varje platta l\u00e4mnats utomhus i flera m\u00e5nader f\u00f6r att skapa en individuell och r\u00e5 patina. Den svarta j\u00e4rn passe-partout kommer d\u00e4rf\u00f6r att ha ett unikt m\u00f6nster och nyans p\u00e5 varje tavla. Tv\u00e5 45 \u00b0 MDF-skivor g\u00f6r v\u00e4ggmonteringen enkel och horisontell. Detta g\u00f6r ocks\u00e5 att st\u00e5lplattan sv\u00e4var 2 cm fr\u00e5n v\u00e4ggen. Signerad och redo att hitta en plats p\u00e5 din v\u00e4gg. 25 signerade exemplar.<\/p>\n","protected":false},"featured_media":3550,"comment_status":"open","ping_status":"closed","template":"","meta":{"_acf_changed":false},"product_brand":[],"product_cat":[56,28],"product_tag":[],"class_list":{"0":"post-4082","1":"product","2":"type-product","3":"status-publish","4":"has-post-thumbnail","6":"product_cat-artwerk-54-sv","7":"product_cat-artwerk-54","9":"first","10":"instock","11":"shipping-taxable","12":"purchasable","13":"product-type-simple"},"acf":[],"yoast_head":"<!-- This site is optimized with the Yoast SEO plugin v27.2 - https:\/\/yoast.com\/product\/yoast-seo-wordpress\/ -->\n<title>FOTO PRINT - R\u00e5werk<\/title>\n<meta name=\"robots\" content=\"index, follow, max-snippet:-1, max-image-preview:large, max-video-preview:-1\" \/>\n<link rel=\"canonical\" href=\"https:\/\/rawerk.se\/produkt\/artwerk-54-3\/\" \/>\n<meta property=\"og:locale\" content=\"sv_SE\" \/>\n<meta property=\"og:type\" content=\"article\" \/>\n<meta property=\"og:title\" content=\"FOTO PRINT - R\u00e5werk\" \/>\n<meta property=\"og:description\" content=\"Dessa foton \u00e4r tryckta p\u00e5 Hahnem\u00fchle, Photo Rag 308g och monterade p\u00e5 en svart oxiderad j\u00e4rnplatta. F\u00f6re oxidationen har varje platta l\u00e4mnats utomhus i flera m\u00e5nader f\u00f6r att skapa en individuell och r\u00e5 patina. Den svarta j\u00e4rn passe-partout kommer d\u00e4rf\u00f6r att ha ett unikt m\u00f6nster och nyans p\u00e5 varje tavla. Tv\u00e5 45 \u00b0 MDF-skivor g\u00f6r v\u00e4ggmonteringen enkel och horisontell. Detta g\u00f6r ocks\u00e5 att st\u00e5lplattan sv\u00e4var 2 cm fr\u00e5n v\u00e4ggen. Signerad och redo att hitta en plats p\u00e5 din v\u00e4gg. 25 signerade exemplar.\" \/>\n<meta property=\"og:url\" content=\"https:\/\/rawerk.se\/produkt\/artwerk-54-3\/\" \/>\n<meta property=\"og:site_name\" content=\"R\u00e5werk\" \/>\n<meta property=\"article:publisher\" content=\"https:\/\/www.facebook.com\/rawerk\/photos?locale=sv_SE\" \/>\n<meta property=\"article:modified_time\" content=\"2021-03-30T13:18:06+00:00\" \/>\n<meta property=\"og:image\" content=\"https:\/\/rawerk.se\/wp-content\/uploads\/2017\/10\/Dark-Tree-tops.png\" \/>\n\t<meta property=\"og:image:width\" content=\"1289\" \/>\n\t<meta property=\"og:image:height\" content=\"1365\" \/>\n\t<meta property=\"og:image:type\" content=\"image\/png\" \/>\n<meta name=\"twitter:card\" content=\"summary_large_image\" \/>\n<script type=\"application\/ld+json\" class=\"yoast-schema-graph\">{\"@context\":\"https:\/\/schema.org\",\"@graph\":[{\"@type\":\"WebPage\",\"@id\":\"https:\/\/rawerk.se\/produkt\/artwerk-54-3\/\",\"url\":\"https:\/\/rawerk.se\/produkt\/artwerk-54-3\/\",\"name\":\"FOTO PRINT - R\u00e5werk\",\"isPartOf\":{\"@id\":\"https:\/\/rawerk.se\/#website\"},\"primaryImageOfPage\":{\"@id\":\"https:\/\/rawerk.se\/produkt\/artwerk-54-3\/#primaryimage\"},\"image\":{\"@id\":\"https:\/\/rawerk.se\/produkt\/artwerk-54-3\/#primaryimage\"},\"thumbnailUrl\":\"https:\/\/rawerk.se\/wp-content\/uploads\/2017\/10\/Dark-Tree-tops.png\",\"datePublished\":\"2017-10-25T15:19:02+00:00\",\"dateModified\":\"2021-03-30T13:18:06+00:00\",\"breadcrumb\":{\"@id\":\"https:\/\/rawerk.se\/produkt\/artwerk-54-3\/#breadcrumb\"},\"inLanguage\":\"sv-SE\",\"potentialAction\":[{\"@type\":\"ReadAction\",\"target\":[\"https:\/\/rawerk.se\/produkt\/artwerk-54-3\/\"]}]},{\"@type\":\"ImageObject\",\"inLanguage\":\"sv-SE\",\"@id\":\"https:\/\/rawerk.se\/produkt\/artwerk-54-3\/#primaryimage\",\"url\":\"https:\/\/rawerk.se\/wp-content\/uploads\/2017\/10\/Dark-Tree-tops.png\",\"contentUrl\":\"https:\/\/rawerk.se\/wp-content\/uploads\/2017\/10\/Dark-Tree-tops.png\",\"width\":1289,\"height\":1365},{\"@type\":\"BreadcrumbList\",\"@id\":\"https:\/\/rawerk.se\/produkt\/artwerk-54-3\/#breadcrumb\",\"itemListElement\":[{\"@type\":\"ListItem\",\"position\":1,\"name\":\"Hem\",\"item\":\"https:\/\/rawerk.se\/sv\/\"},{\"@type\":\"ListItem\",\"position\":2,\"name\":\"Butik\",\"item\":\"https:\/\/rawerk.se\/sv\/butik\/\"},{\"@type\":\"ListItem\",\"position\":3,\"name\":\"FOTO PRINT\"}]},{\"@type\":\"WebSite\",\"@id\":\"https:\/\/rawerk.se\/#website\",\"url\":\"https:\/\/rawerk.se\/\",\"name\":\"R\u00e5werk\",\"description\":\"\",\"publisher\":{\"@id\":\"https:\/\/rawerk.se\/#organization\"},\"potentialAction\":[{\"@type\":\"SearchAction\",\"target\":{\"@type\":\"EntryPoint\",\"urlTemplate\":\"https:\/\/rawerk.se\/?s={search_term_string}\"},\"query-input\":{\"@type\":\"PropertyValueSpecification\",\"valueRequired\":true,\"valueName\":\"search_term_string\"}}],\"inLanguage\":\"sv-SE\"},{\"@type\":\"Organization\",\"@id\":\"https:\/\/rawerk.se\/#organization\",\"name\":\"R\u00e5werk\",\"url\":\"https:\/\/rawerk.se\/\",\"logo\":{\"@type\":\"ImageObject\",\"inLanguage\":\"sv-SE\",\"@id\":\"https:\/\/rawerk.se\/#\/schema\/logo\/image\/\",\"url\":\"https:\/\/rawerk.se\/wp-content\/uploads\/2026\/04\/Logotype_RAWERK_ORIGINAL_Pos-scaled.jpg\",\"contentUrl\":\"https:\/\/rawerk.se\/wp-content\/uploads\/2026\/04\/Logotype_RAWERK_ORIGINAL_Pos-scaled.jpg\",\"width\":2560,\"height\":1165,\"caption\":\"R\u00e5werk\"},\"image\":{\"@id\":\"https:\/\/rawerk.se\/#\/schema\/logo\/image\/\"},\"sameAs\":[\"https:\/\/www.facebook.com\/rawerk\/photos?locale=sv_SE\",\"https:\/\/www.instagram.com\/rawerk\/\"]}]}<\/script>\n<!-- \/ Yoast SEO plugin. -->","yoast_head_json":{"title":"FOTO PRINT - R\u00e5werk","robots":{"index":"index","follow":"follow","max-snippet":"max-snippet:-1","max-image-preview":"max-image-preview:large","max-video-preview":"max-video-preview:-1"},"canonical":"https:\/\/rawerk.se\/produkt\/artwerk-54-3\/","og_locale":"sv_SE","og_type":"article","og_title":"FOTO PRINT - R\u00e5werk","og_description":"Dessa foton \u00e4r tryckta p\u00e5 Hahnem\u00fchle, Photo Rag 308g och monterade p\u00e5 en svart oxiderad j\u00e4rnplatta. F\u00f6re oxidationen har varje platta l\u00e4mnats utomhus i flera m\u00e5nader f\u00f6r att skapa en individuell och r\u00e5 patina. Den svarta j\u00e4rn passe-partout kommer d\u00e4rf\u00f6r att ha ett unikt m\u00f6nster och nyans p\u00e5 varje tavla. Tv\u00e5 45 \u00b0 MDF-skivor g\u00f6r v\u00e4ggmonteringen enkel och horisontell. Detta g\u00f6r ocks\u00e5 att st\u00e5lplattan sv\u00e4var 2 cm fr\u00e5n v\u00e4ggen. Signerad och redo att hitta en plats p\u00e5 din v\u00e4gg. 25 signerade exemplar.","og_url":"https:\/\/rawerk.se\/produkt\/artwerk-54-3\/","og_site_name":"R\u00e5werk","article_publisher":"https:\/\/www.facebook.com\/rawerk\/photos?locale=sv_SE","article_modified_time":"2021-03-30T13:18:06+00:00","og_image":[{"width":1289,"height":1365,"url":"https:\/\/rawerk.se\/wp-content\/uploads\/2017\/10\/Dark-Tree-tops.png","type":"image\/png"}],"twitter_card":"summary_large_image","schema":{"@context":"https:\/\/schema.org","@graph":[{"@type":"WebPage","@id":"https:\/\/rawerk.se\/produkt\/artwerk-54-3\/","url":"https:\/\/rawerk.se\/produkt\/artwerk-54-3\/","name":"FOTO PRINT - R\u00e5werk","isPartOf":{"@id":"https:\/\/rawerk.se\/#website"},"primaryImageOfPage":{"@id":"https:\/\/rawerk.se\/produkt\/artwerk-54-3\/#primaryimage"},"image":{"@id":"https:\/\/rawerk.se\/produkt\/artwerk-54-3\/#primaryimage"},"thumbnailUrl":"https:\/\/rawerk.se\/wp-content\/uploads\/2017\/10\/Dark-Tree-tops.png","datePublished":"2017-10-25T15:19:02+00:00","dateModified":"2021-03-30T13:18:06+00:00","breadcrumb":{"@id":"https:\/\/rawerk.se\/produkt\/artwerk-54-3\/#breadcrumb"},"inLanguage":"sv-SE","potentialAction":[{"@type":"ReadAction","target":["https:\/\/rawerk.se\/produkt\/artwerk-54-3\/"]}]},{"@type":"ImageObject","inLanguage":"sv-SE","@id":"https:\/\/rawerk.se\/produkt\/artwerk-54-3\/#primaryimage","url":"https:\/\/rawerk.se\/wp-content\/uploads\/2017\/10\/Dark-Tree-tops.png","contentUrl":"https:\/\/rawerk.se\/wp-content\/uploads\/2017\/10\/Dark-Tree-tops.png","width":1289,"height":1365},{"@type":"BreadcrumbList","@id":"https:\/\/rawerk.se\/produkt\/artwerk-54-3\/#breadcrumb","itemListElement":[{"@type":"ListItem","position":1,"name":"Hem","item":"https:\/\/rawerk.se\/sv\/"},{"@type":"ListItem","position":2,"name":"Butik","item":"https:\/\/rawerk.se\/sv\/butik\/"},{"@type":"ListItem","position":3,"name":"FOTO PRINT"}]},{"@type":"WebSite","@id":"https:\/\/rawerk.se\/#website","url":"https:\/\/rawerk.se\/","name":"R\u00e5werk","description":"","publisher":{"@id":"https:\/\/rawerk.se\/#organization"},"potentialAction":[{"@type":"SearchAction","target":{"@type":"EntryPoint","urlTemplate":"https:\/\/rawerk.se\/?s={search_term_string}"},"query-input":{"@type":"PropertyValueSpecification","valueRequired":true,"valueName":"search_term_string"}}],"inLanguage":"sv-SE"},{"@type":"Organization","@id":"https:\/\/rawerk.se\/#organization","name":"R\u00e5werk","url":"https:\/\/rawerk.se\/","logo":{"@type":"ImageObject","inLanguage":"sv-SE","@id":"https:\/\/rawerk.se\/#\/schema\/logo\/image\/","url":"https:\/\/rawerk.se\/wp-content\/uploads\/2026\/04\/Logotype_RAWERK_ORIGINAL_Pos-scaled.jpg","contentUrl":"https:\/\/rawerk.se\/wp-content\/uploads\/2026\/04\/Logotype_RAWERK_ORIGINAL_Pos-scaled.jpg","width":2560,"height":1165,"caption":"R\u00e5werk"},"image":{"@id":"https:\/\/rawerk.se\/#\/schema\/logo\/image\/"},"sameAs":["https:\/\/www.facebook.com\/rawerk\/photos?locale=sv_SE","https:\/\/www.instagram.com\/rawerk\/"]}]}},"_links":{"self":[{"href":"https:\/\/rawerk.se\/sv\/wp-json\/wp\/v2\/product\/4082","targetHints":{"allow":["GET"]}}],"collection":[{"href":"https:\/\/rawerk.se\/sv\/wp-json\/wp\/v2\/product"}],"about":[{"href":"https:\/\/rawerk.se\/sv\/wp-json\/wp\/v2\/types\/product"}],"replies":[{"embeddable":true,"href":"https:\/\/rawerk.se\/sv\/wp-json\/wp\/v2\/comments?post=4082"}],"wp:featuredmedia":[{"embeddable":true,"href":"https:\/\/rawerk.se\/sv\/wp-json\/wp\/v2\/media\/3550"}],"wp:attachment":[{"href":"https:\/\/rawerk.se\/sv\/wp-json\/wp\/v2\/media?parent=4082"}],"wp:term":[{"taxonomy":"product_brand","embeddable":true,"href":"https:\/\/rawerk.se\/sv\/wp-json\/wp\/v2\/product_brand?post=4082"},{"taxonomy":"product_cat","embeddable":true,"href":"https:\/\/rawerk.se\/sv\/wp-json\/wp\/v2\/product_cat?post=4082"},{"taxonomy":"product_tag","embeddable":true,"href":"https:\/\/rawerk.se\/sv\/wp-json\/wp\/v2\/product_tag?post=4082"}],"curies":[{"name":"wp","href":"https:\/\/api.w.org\/{rel}","templated":true}]}}