{"id":4071,"date":"2017-02-14T11:38:51","date_gmt":"2017-02-14T10:38:51","guid":{"rendered":"https:\/\/rawerk.se\/product\/lwb1_006\/"},"modified":"2021-03-30T14:47:28","modified_gmt":"2021-03-30T12:47:28","slug":"lwb1_006","status":"publish","type":"product","link":"https:\/\/rawerk.se\/sv\/produkt\/lwb1_006\/","title":{"rendered":"LJUSTAVLA"},"content":{"rendered":"<p>Kopparpl\u00e5ten patineras f\u00f6r hand vilket betyder att den har en individuell patina och \u00e4r ett original i bara ett exemplar. Med tiden kan patinan f\u00f6r\u00e4ndras &#8211; fr\u00e4mst p\u00e5 grund av luftkvalitet, fuktighet och solljus. Varje ljustavla \u00e4r ett numrerat konstverk och v\u00e4ger cirka 6,5 kilo.<\/p>\n","protected":false},"excerpt":{"rendered":"<p>Ljustavlan \u00e4r ett handgjort konstverk fr\u00e5n Bergslagen som passar ljus med 22-24 mm i diameter. Koppar-versionen har sin egen unika och konstn\u00e4rliga patina. Den har en svart-oxiderad bakpl\u00e5t och en frontpl\u00e5t i polerat st\u00e5l med 238 spikar. Nertill finns en droppbricka f\u00f6r att f\u00e5nga upp eventuellt stearin som enkelt kan tas bort f\u00f6r smidig reng\u00f6ring. N\u00e4r den \u00e4r t\u00e4nd sprider ljustavlan ett fascinerande ljusspel \u00f6ver din v\u00e4gg d\u00e4r ett m\u00f6rkt rum maximerar effekten.<\/p>\n","protected":false},"featured_media":3421,"comment_status":"closed","ping_status":"closed","template":"","meta":{"_acf_changed":false},"product_brand":[],"product_cat":[55],"product_tag":[],"class_list":{"0":"post-4071","1":"product","2":"type-product","3":"status-publish","4":"has-post-thumbnail","6":"product_cat-lightwerk-45-sv","8":"first","9":"outofstock","10":"sold-individually","11":"shipping-taxable","12":"purchasable","13":"product-type-simple"},"acf":[],"yoast_head":"<!-- This site is optimized with the Yoast SEO plugin v27.2 - https:\/\/yoast.com\/product\/yoast-seo-wordpress\/ -->\n<title>LJUSTAVLA - R\u00e5werk<\/title>\n<meta name=\"robots\" content=\"index, follow, max-snippet:-1, max-image-preview:large, max-video-preview:-1\" \/>\n<link rel=\"canonical\" href=\"https:\/\/rawerk.se\/sv\/product\/lwb1_006\/\" \/>\n<meta property=\"og:locale\" content=\"sv_SE\" \/>\n<meta property=\"og:type\" content=\"article\" \/>\n<meta property=\"og:title\" content=\"LJUSTAVLA - R\u00e5werk\" \/>\n<meta property=\"og:description\" content=\"Ljustavlan \u00e4r ett handgjort konstverk fr\u00e5n Bergslagen som passar ljus med 22-24 mm i diameter. Koppar-versionen har sin egen unika och konstn\u00e4rliga patina. Den har en svart-oxiderad bakpl\u00e5t och en frontpl\u00e5t i polerat st\u00e5l med 238 spikar. Nertill finns en droppbricka f\u00f6r att f\u00e5nga upp eventuellt stearin som enkelt kan tas bort f\u00f6r smidig reng\u00f6ring. N\u00e4r den \u00e4r t\u00e4nd sprider ljustavlan ett fascinerande ljusspel \u00f6ver din v\u00e4gg d\u00e4r ett m\u00f6rkt rum maximerar effekten.\" \/>\n<meta property=\"og:url\" content=\"https:\/\/rawerk.se\/sv\/product\/lwb1_006\/\" \/>\n<meta property=\"og:site_name\" content=\"R\u00e5werk\" \/>\n<meta property=\"article:publisher\" content=\"https:\/\/www.facebook.com\/rawerk\/photos?locale=sv_SE\" \/>\n<meta property=\"article:modified_time\" content=\"2021-03-30T12:47:28+00:00\" \/>\n<meta property=\"og:image\" content=\"https:\/\/rawerk.se\/wp-content\/uploads\/2017\/02\/LWB1_006.png\" \/>\n\t<meta property=\"og:image:width\" content=\"1030\" \/>\n\t<meta property=\"og:image:height\" content=\"1228\" \/>\n\t<meta property=\"og:image:type\" content=\"image\/png\" \/>\n<meta name=\"twitter:card\" content=\"summary_large_image\" \/>\n<script type=\"application\/ld+json\" class=\"yoast-schema-graph\">{\"@context\":\"https:\/\/schema.org\",\"@graph\":[{\"@type\":\"WebPage\",\"@id\":\"https:\/\/rawerk.se\/sv\/product\/lwb1_006\/\",\"url\":\"https:\/\/rawerk.se\/sv\/product\/lwb1_006\/\",\"name\":\"LJUSTAVLA - R\u00e5werk\",\"isPartOf\":{\"@id\":\"https:\/\/rawerk.se\/#website\"},\"primaryImageOfPage\":{\"@id\":\"https:\/\/rawerk.se\/sv\/product\/lwb1_006\/#primaryimage\"},\"image\":{\"@id\":\"https:\/\/rawerk.se\/sv\/product\/lwb1_006\/#primaryimage\"},\"thumbnailUrl\":\"https:\/\/rawerk.se\/wp-content\/uploads\/2017\/02\/LWB1_006.png\",\"datePublished\":\"2017-02-14T10:38:51+00:00\",\"dateModified\":\"2021-03-30T12:47:28+00:00\",\"breadcrumb\":{\"@id\":\"https:\/\/rawerk.se\/sv\/product\/lwb1_006\/#breadcrumb\"},\"inLanguage\":\"sv-SE\",\"potentialAction\":[{\"@type\":\"ReadAction\",\"target\":[\"https:\/\/rawerk.se\/sv\/product\/lwb1_006\/\"]}]},{\"@type\":\"ImageObject\",\"inLanguage\":\"sv-SE\",\"@id\":\"https:\/\/rawerk.se\/sv\/product\/lwb1_006\/#primaryimage\",\"url\":\"https:\/\/rawerk.se\/wp-content\/uploads\/2017\/02\/LWB1_006.png\",\"contentUrl\":\"https:\/\/rawerk.se\/wp-content\/uploads\/2017\/02\/LWB1_006.png\",\"width\":1030,\"height\":1228},{\"@type\":\"BreadcrumbList\",\"@id\":\"https:\/\/rawerk.se\/sv\/product\/lwb1_006\/#breadcrumb\",\"itemListElement\":[{\"@type\":\"ListItem\",\"position\":1,\"name\":\"Hem\",\"item\":\"https:\/\/rawerk.se\/sv\/\"},{\"@type\":\"ListItem\",\"position\":2,\"name\":\"Butik\",\"item\":\"https:\/\/rawerk.se\/sv\/butik\/\"},{\"@type\":\"ListItem\",\"position\":3,\"name\":\"LJUSTAVLA\"}]},{\"@type\":\"WebSite\",\"@id\":\"https:\/\/rawerk.se\/#website\",\"url\":\"https:\/\/rawerk.se\/\",\"name\":\"R\u00e5werk\",\"description\":\"\",\"publisher\":{\"@id\":\"https:\/\/rawerk.se\/#organization\"},\"potentialAction\":[{\"@type\":\"SearchAction\",\"target\":{\"@type\":\"EntryPoint\",\"urlTemplate\":\"https:\/\/rawerk.se\/?s={search_term_string}\"},\"query-input\":{\"@type\":\"PropertyValueSpecification\",\"valueRequired\":true,\"valueName\":\"search_term_string\"}}],\"inLanguage\":\"sv-SE\"},{\"@type\":\"Organization\",\"@id\":\"https:\/\/rawerk.se\/#organization\",\"name\":\"R\u00e5werk\",\"url\":\"https:\/\/rawerk.se\/\",\"logo\":{\"@type\":\"ImageObject\",\"inLanguage\":\"sv-SE\",\"@id\":\"https:\/\/rawerk.se\/#\/schema\/logo\/image\/\",\"url\":\"https:\/\/rawerk.se\/wp-content\/uploads\/2026\/04\/Logotype_RAWERK_ORIGINAL_Pos-scaled.jpg\",\"contentUrl\":\"https:\/\/rawerk.se\/wp-content\/uploads\/2026\/04\/Logotype_RAWERK_ORIGINAL_Pos-scaled.jpg\",\"width\":2560,\"height\":1165,\"caption\":\"R\u00e5werk\"},\"image\":{\"@id\":\"https:\/\/rawerk.se\/#\/schema\/logo\/image\/\"},\"sameAs\":[\"https:\/\/www.facebook.com\/rawerk\/photos?locale=sv_SE\",\"https:\/\/www.instagram.com\/rawerk\/\"]}]}<\/script>\n<!-- \/ Yoast SEO plugin. -->","yoast_head_json":{"title":"LJUSTAVLA - R\u00e5werk","robots":{"index":"index","follow":"follow","max-snippet":"max-snippet:-1","max-image-preview":"max-image-preview:large","max-video-preview":"max-video-preview:-1"},"canonical":"https:\/\/rawerk.se\/sv\/product\/lwb1_006\/","og_locale":"sv_SE","og_type":"article","og_title":"LJUSTAVLA - R\u00e5werk","og_description":"Ljustavlan \u00e4r ett handgjort konstverk fr\u00e5n Bergslagen som passar ljus med 22-24 mm i diameter. Koppar-versionen har sin egen unika och konstn\u00e4rliga patina. Den har en svart-oxiderad bakpl\u00e5t och en frontpl\u00e5t i polerat st\u00e5l med 238 spikar. Nertill finns en droppbricka f\u00f6r att f\u00e5nga upp eventuellt stearin som enkelt kan tas bort f\u00f6r smidig reng\u00f6ring. N\u00e4r den \u00e4r t\u00e4nd sprider ljustavlan ett fascinerande ljusspel \u00f6ver din v\u00e4gg d\u00e4r ett m\u00f6rkt rum maximerar effekten.","og_url":"https:\/\/rawerk.se\/sv\/product\/lwb1_006\/","og_site_name":"R\u00e5werk","article_publisher":"https:\/\/www.facebook.com\/rawerk\/photos?locale=sv_SE","article_modified_time":"2021-03-30T12:47:28+00:00","og_image":[{"width":1030,"height":1228,"url":"https:\/\/rawerk.se\/wp-content\/uploads\/2017\/02\/LWB1_006.png","type":"image\/png"}],"twitter_card":"summary_large_image","schema":{"@context":"https:\/\/schema.org","@graph":[{"@type":"WebPage","@id":"https:\/\/rawerk.se\/sv\/product\/lwb1_006\/","url":"https:\/\/rawerk.se\/sv\/product\/lwb1_006\/","name":"LJUSTAVLA - R\u00e5werk","isPartOf":{"@id":"https:\/\/rawerk.se\/#website"},"primaryImageOfPage":{"@id":"https:\/\/rawerk.se\/sv\/product\/lwb1_006\/#primaryimage"},"image":{"@id":"https:\/\/rawerk.se\/sv\/product\/lwb1_006\/#primaryimage"},"thumbnailUrl":"https:\/\/rawerk.se\/wp-content\/uploads\/2017\/02\/LWB1_006.png","datePublished":"2017-02-14T10:38:51+00:00","dateModified":"2021-03-30T12:47:28+00:00","breadcrumb":{"@id":"https:\/\/rawerk.se\/sv\/product\/lwb1_006\/#breadcrumb"},"inLanguage":"sv-SE","potentialAction":[{"@type":"ReadAction","target":["https:\/\/rawerk.se\/sv\/product\/lwb1_006\/"]}]},{"@type":"ImageObject","inLanguage":"sv-SE","@id":"https:\/\/rawerk.se\/sv\/product\/lwb1_006\/#primaryimage","url":"https:\/\/rawerk.se\/wp-content\/uploads\/2017\/02\/LWB1_006.png","contentUrl":"https:\/\/rawerk.se\/wp-content\/uploads\/2017\/02\/LWB1_006.png","width":1030,"height":1228},{"@type":"BreadcrumbList","@id":"https:\/\/rawerk.se\/sv\/product\/lwb1_006\/#breadcrumb","itemListElement":[{"@type":"ListItem","position":1,"name":"Hem","item":"https:\/\/rawerk.se\/sv\/"},{"@type":"ListItem","position":2,"name":"Butik","item":"https:\/\/rawerk.se\/sv\/butik\/"},{"@type":"ListItem","position":3,"name":"LJUSTAVLA"}]},{"@type":"WebSite","@id":"https:\/\/rawerk.se\/#website","url":"https:\/\/rawerk.se\/","name":"R\u00e5werk","description":"","publisher":{"@id":"https:\/\/rawerk.se\/#organization"},"potentialAction":[{"@type":"SearchAction","target":{"@type":"EntryPoint","urlTemplate":"https:\/\/rawerk.se\/?s={search_term_string}"},"query-input":{"@type":"PropertyValueSpecification","valueRequired":true,"valueName":"search_term_string"}}],"inLanguage":"sv-SE"},{"@type":"Organization","@id":"https:\/\/rawerk.se\/#organization","name":"R\u00e5werk","url":"https:\/\/rawerk.se\/","logo":{"@type":"ImageObject","inLanguage":"sv-SE","@id":"https:\/\/rawerk.se\/#\/schema\/logo\/image\/","url":"https:\/\/rawerk.se\/wp-content\/uploads\/2026\/04\/Logotype_RAWERK_ORIGINAL_Pos-scaled.jpg","contentUrl":"https:\/\/rawerk.se\/wp-content\/uploads\/2026\/04\/Logotype_RAWERK_ORIGINAL_Pos-scaled.jpg","width":2560,"height":1165,"caption":"R\u00e5werk"},"image":{"@id":"https:\/\/rawerk.se\/#\/schema\/logo\/image\/"},"sameAs":["https:\/\/www.facebook.com\/rawerk\/photos?locale=sv_SE","https:\/\/www.instagram.com\/rawerk\/"]}]}},"_links":{"self":[{"href":"https:\/\/rawerk.se\/sv\/wp-json\/wp\/v2\/product\/4071","targetHints":{"allow":["GET"]}}],"collection":[{"href":"https:\/\/rawerk.se\/sv\/wp-json\/wp\/v2\/product"}],"about":[{"href":"https:\/\/rawerk.se\/sv\/wp-json\/wp\/v2\/types\/product"}],"replies":[{"embeddable":true,"href":"https:\/\/rawerk.se\/sv\/wp-json\/wp\/v2\/comments?post=4071"}],"wp:featuredmedia":[{"embeddable":true,"href":"https:\/\/rawerk.se\/sv\/wp-json\/wp\/v2\/media\/3421"}],"wp:attachment":[{"href":"https:\/\/rawerk.se\/sv\/wp-json\/wp\/v2\/media?parent=4071"}],"wp:term":[{"taxonomy":"product_brand","embeddable":true,"href":"https:\/\/rawerk.se\/sv\/wp-json\/wp\/v2\/product_brand?post=4071"},{"taxonomy":"product_cat","embeddable":true,"href":"https:\/\/rawerk.se\/sv\/wp-json\/wp\/v2\/product_cat?post=4071"},{"taxonomy":"product_tag","embeddable":true,"href":"https:\/\/rawerk.se\/sv\/wp-json\/wp\/v2\/product_tag?post=4071"}],"curies":[{"name":"wp","href":"https:\/\/api.w.org\/{rel}","templated":true}]}}