{"id":4045,"date":"2020-05-01T21:28:30","date_gmt":"2020-05-01T19:28:30","guid":{"rendered":"https:\/\/rawerk.se\/product\/side-table-3\/"},"modified":"2021-03-30T13:39:07","modified_gmt":"2021-03-30T11:39:07","slug":"side-table-3","status":"publish","type":"product","link":"https:\/\/rawerk.se\/sv\/produkt\/side-table-3\/","title":{"rendered":"SOFFBORD"},"content":{"rendered":"<p>Med tiden kommer patinan att f\u00f6r\u00e4ndras &#8211; fr\u00e4mst p\u00e5 grund av luftkvalitet, fuktighet och solljus. Koppar \u00e4r ett levande material och bordet \u00e4r ett p\u00e5g\u00e5ende konstverk.<\/p>\n","protected":false},"excerpt":{"rendered":"<p><strong>BORDSSKIVA<\/strong><strong><br \/>\n<\/strong>Bordsskivan \u00e4r gjord av 2 mm tjock koppar kl\u00e4dd p\u00e5 20 mm svart tr\u00e4. Kopparpatinan skapas f\u00f6r hand och kommer att vara individuell p\u00e5 alla bordsskivor. Den f\u00e4rdiga ytan \u00e4r polerad med bivax. Det exakta m\u00f6nstret formas av tid och natur och kan inte kopieras.<\/p>\n<p><strong>BORDSBEN<\/strong><strong><br \/>\n<\/strong>Underredet \u00e4r tillverkat av fast plattj\u00e4rn i dimension 6 \u00d7 60 mm. Uppv\u00e4rmd i linfr\u00f6n \u00f6ver \u00f6ppen eld f\u00f6r att skapa en djup svart f\u00e4rg<\/p>\n<p><strong>M\u00c5TT<\/strong><strong><br \/>\n<\/strong>L\u00e4ngd: 90cm, Bredd: 90cm, H\u00f6jd: 39cm, Vikt: ca. 50 kg.<\/p>\n","protected":false},"featured_media":3849,"comment_status":"open","ping_status":"closed","template":"","meta":{"_acf_changed":false},"product_brand":[],"product_cat":[48],"product_tag":[],"class_list":{"0":"post-4045","1":"product","2":"type-product","3":"status-publish","4":"has-post-thumbnail","6":"product_cat-tablewerk-99-sv","8":"first","9":"outofstock","10":"shipping-taxable","11":"purchasable","12":"product-type-simple"},"acf":[],"yoast_head":"<!-- This site is optimized with the Yoast SEO plugin v27.2 - https:\/\/yoast.com\/product\/yoast-seo-wordpress\/ -->\n<title>SOFFBORD - R\u00e5werk<\/title>\n<meta name=\"robots\" content=\"index, follow, max-snippet:-1, max-image-preview:large, max-video-preview:-1\" \/>\n<link rel=\"canonical\" href=\"https:\/\/rawerk.se\/sv\/product\/side-table-3\/\" \/>\n<meta property=\"og:locale\" content=\"sv_SE\" \/>\n<meta property=\"og:type\" content=\"article\" \/>\n<meta property=\"og:title\" content=\"SOFFBORD - R\u00e5werk\" \/>\n<meta property=\"og:description\" content=\"BORDSSKIVA Bordsskivan \u00e4r gjord av 2 mm tjock koppar kl\u00e4dd p\u00e5 20 mm svart tr\u00e4. Kopparpatinan skapas f\u00f6r hand och kommer att vara individuell p\u00e5 alla bordsskivor. Den f\u00e4rdiga ytan \u00e4r polerad med bivax. Det exakta m\u00f6nstret formas av tid och natur och kan inte kopieras.  BORDSBEN Underredet \u00e4r tillverkat av fast plattj\u00e4rn i dimension 6 \u00d7 60 mm. Uppv\u00e4rmd i linfr\u00f6n \u00f6ver \u00f6ppen eld f\u00f6r att skapa en djup svart f\u00e4rg  M\u00c5TT L\u00e4ngd: 90cm, Bredd: 90cm, H\u00f6jd: 39cm, Vikt: ca. 50 kg.\" \/>\n<meta property=\"og:url\" content=\"https:\/\/rawerk.se\/sv\/product\/side-table-3\/\" \/>\n<meta property=\"og:site_name\" content=\"R\u00e5werk\" \/>\n<meta property=\"article:publisher\" content=\"https:\/\/www.facebook.com\/rawerk\/photos?locale=sv_SE\" \/>\n<meta property=\"article:modified_time\" content=\"2021-03-30T11:39:07+00:00\" \/>\n<meta property=\"og:image\" content=\"https:\/\/rawerk.se\/wp-content\/uploads\/2020\/05\/no3_A-scaled.jpg\" \/>\n\t<meta property=\"og:image:width\" content=\"2560\" \/>\n\t<meta property=\"og:image:height\" content=\"1707\" \/>\n\t<meta property=\"og:image:type\" content=\"image\/jpeg\" \/>\n<meta name=\"twitter:card\" content=\"summary_large_image\" \/>\n<script type=\"application\/ld+json\" class=\"yoast-schema-graph\">{\"@context\":\"https:\/\/schema.org\",\"@graph\":[{\"@type\":\"WebPage\",\"@id\":\"https:\/\/rawerk.se\/sv\/product\/side-table-3\/\",\"url\":\"https:\/\/rawerk.se\/sv\/product\/side-table-3\/\",\"name\":\"SOFFBORD - R\u00e5werk\",\"isPartOf\":{\"@id\":\"https:\/\/rawerk.se\/#website\"},\"primaryImageOfPage\":{\"@id\":\"https:\/\/rawerk.se\/sv\/product\/side-table-3\/#primaryimage\"},\"image\":{\"@id\":\"https:\/\/rawerk.se\/sv\/product\/side-table-3\/#primaryimage\"},\"thumbnailUrl\":\"https:\/\/rawerk.se\/wp-content\/uploads\/2020\/05\/no3_A-scaled.jpg\",\"datePublished\":\"2020-05-01T19:28:30+00:00\",\"dateModified\":\"2021-03-30T11:39:07+00:00\",\"breadcrumb\":{\"@id\":\"https:\/\/rawerk.se\/sv\/product\/side-table-3\/#breadcrumb\"},\"inLanguage\":\"sv-SE\",\"potentialAction\":[{\"@type\":\"ReadAction\",\"target\":[\"https:\/\/rawerk.se\/sv\/product\/side-table-3\/\"]}]},{\"@type\":\"ImageObject\",\"inLanguage\":\"sv-SE\",\"@id\":\"https:\/\/rawerk.se\/sv\/product\/side-table-3\/#primaryimage\",\"url\":\"https:\/\/rawerk.se\/wp-content\/uploads\/2020\/05\/no3_A-scaled.jpg\",\"contentUrl\":\"https:\/\/rawerk.se\/wp-content\/uploads\/2020\/05\/no3_A-scaled.jpg\",\"width\":2560,\"height\":1707},{\"@type\":\"BreadcrumbList\",\"@id\":\"https:\/\/rawerk.se\/sv\/product\/side-table-3\/#breadcrumb\",\"itemListElement\":[{\"@type\":\"ListItem\",\"position\":1,\"name\":\"Hem\",\"item\":\"https:\/\/rawerk.se\/sv\/\"},{\"@type\":\"ListItem\",\"position\":2,\"name\":\"Butik\",\"item\":\"https:\/\/rawerk.se\/sv\/butik\/\"},{\"@type\":\"ListItem\",\"position\":3,\"name\":\"SOFFBORD\"}]},{\"@type\":\"WebSite\",\"@id\":\"https:\/\/rawerk.se\/#website\",\"url\":\"https:\/\/rawerk.se\/\",\"name\":\"R\u00e5werk\",\"description\":\"\",\"publisher\":{\"@id\":\"https:\/\/rawerk.se\/#organization\"},\"potentialAction\":[{\"@type\":\"SearchAction\",\"target\":{\"@type\":\"EntryPoint\",\"urlTemplate\":\"https:\/\/rawerk.se\/?s={search_term_string}\"},\"query-input\":{\"@type\":\"PropertyValueSpecification\",\"valueRequired\":true,\"valueName\":\"search_term_string\"}}],\"inLanguage\":\"sv-SE\"},{\"@type\":\"Organization\",\"@id\":\"https:\/\/rawerk.se\/#organization\",\"name\":\"R\u00e5werk\",\"url\":\"https:\/\/rawerk.se\/\",\"logo\":{\"@type\":\"ImageObject\",\"inLanguage\":\"sv-SE\",\"@id\":\"https:\/\/rawerk.se\/#\/schema\/logo\/image\/\",\"url\":\"https:\/\/rawerk.se\/wp-content\/uploads\/2026\/04\/Logotype_RAWERK_ORIGINAL_Pos-scaled.jpg\",\"contentUrl\":\"https:\/\/rawerk.se\/wp-content\/uploads\/2026\/04\/Logotype_RAWERK_ORIGINAL_Pos-scaled.jpg\",\"width\":2560,\"height\":1165,\"caption\":\"R\u00e5werk\"},\"image\":{\"@id\":\"https:\/\/rawerk.se\/#\/schema\/logo\/image\/\"},\"sameAs\":[\"https:\/\/www.facebook.com\/rawerk\/photos?locale=sv_SE\",\"https:\/\/www.instagram.com\/rawerk\/\"]}]}<\/script>\n<!-- \/ Yoast SEO plugin. -->","yoast_head_json":{"title":"SOFFBORD - R\u00e5werk","robots":{"index":"index","follow":"follow","max-snippet":"max-snippet:-1","max-image-preview":"max-image-preview:large","max-video-preview":"max-video-preview:-1"},"canonical":"https:\/\/rawerk.se\/sv\/product\/side-table-3\/","og_locale":"sv_SE","og_type":"article","og_title":"SOFFBORD - R\u00e5werk","og_description":"BORDSSKIVA Bordsskivan \u00e4r gjord av 2 mm tjock koppar kl\u00e4dd p\u00e5 20 mm svart tr\u00e4. Kopparpatinan skapas f\u00f6r hand och kommer att vara individuell p\u00e5 alla bordsskivor. Den f\u00e4rdiga ytan \u00e4r polerad med bivax. Det exakta m\u00f6nstret formas av tid och natur och kan inte kopieras.  BORDSBEN Underredet \u00e4r tillverkat av fast plattj\u00e4rn i dimension 6 \u00d7 60 mm. Uppv\u00e4rmd i linfr\u00f6n \u00f6ver \u00f6ppen eld f\u00f6r att skapa en djup svart f\u00e4rg  M\u00c5TT L\u00e4ngd: 90cm, Bredd: 90cm, H\u00f6jd: 39cm, Vikt: ca. 50 kg.","og_url":"https:\/\/rawerk.se\/sv\/product\/side-table-3\/","og_site_name":"R\u00e5werk","article_publisher":"https:\/\/www.facebook.com\/rawerk\/photos?locale=sv_SE","article_modified_time":"2021-03-30T11:39:07+00:00","og_image":[{"width":2560,"height":1707,"url":"https:\/\/rawerk.se\/wp-content\/uploads\/2020\/05\/no3_A-scaled.jpg","type":"image\/jpeg"}],"twitter_card":"summary_large_image","schema":{"@context":"https:\/\/schema.org","@graph":[{"@type":"WebPage","@id":"https:\/\/rawerk.se\/sv\/product\/side-table-3\/","url":"https:\/\/rawerk.se\/sv\/product\/side-table-3\/","name":"SOFFBORD - R\u00e5werk","isPartOf":{"@id":"https:\/\/rawerk.se\/#website"},"primaryImageOfPage":{"@id":"https:\/\/rawerk.se\/sv\/product\/side-table-3\/#primaryimage"},"image":{"@id":"https:\/\/rawerk.se\/sv\/product\/side-table-3\/#primaryimage"},"thumbnailUrl":"https:\/\/rawerk.se\/wp-content\/uploads\/2020\/05\/no3_A-scaled.jpg","datePublished":"2020-05-01T19:28:30+00:00","dateModified":"2021-03-30T11:39:07+00:00","breadcrumb":{"@id":"https:\/\/rawerk.se\/sv\/product\/side-table-3\/#breadcrumb"},"inLanguage":"sv-SE","potentialAction":[{"@type":"ReadAction","target":["https:\/\/rawerk.se\/sv\/product\/side-table-3\/"]}]},{"@type":"ImageObject","inLanguage":"sv-SE","@id":"https:\/\/rawerk.se\/sv\/product\/side-table-3\/#primaryimage","url":"https:\/\/rawerk.se\/wp-content\/uploads\/2020\/05\/no3_A-scaled.jpg","contentUrl":"https:\/\/rawerk.se\/wp-content\/uploads\/2020\/05\/no3_A-scaled.jpg","width":2560,"height":1707},{"@type":"BreadcrumbList","@id":"https:\/\/rawerk.se\/sv\/product\/side-table-3\/#breadcrumb","itemListElement":[{"@type":"ListItem","position":1,"name":"Hem","item":"https:\/\/rawerk.se\/sv\/"},{"@type":"ListItem","position":2,"name":"Butik","item":"https:\/\/rawerk.se\/sv\/butik\/"},{"@type":"ListItem","position":3,"name":"SOFFBORD"}]},{"@type":"WebSite","@id":"https:\/\/rawerk.se\/#website","url":"https:\/\/rawerk.se\/","name":"R\u00e5werk","description":"","publisher":{"@id":"https:\/\/rawerk.se\/#organization"},"potentialAction":[{"@type":"SearchAction","target":{"@type":"EntryPoint","urlTemplate":"https:\/\/rawerk.se\/?s={search_term_string}"},"query-input":{"@type":"PropertyValueSpecification","valueRequired":true,"valueName":"search_term_string"}}],"inLanguage":"sv-SE"},{"@type":"Organization","@id":"https:\/\/rawerk.se\/#organization","name":"R\u00e5werk","url":"https:\/\/rawerk.se\/","logo":{"@type":"ImageObject","inLanguage":"sv-SE","@id":"https:\/\/rawerk.se\/#\/schema\/logo\/image\/","url":"https:\/\/rawerk.se\/wp-content\/uploads\/2026\/04\/Logotype_RAWERK_ORIGINAL_Pos-scaled.jpg","contentUrl":"https:\/\/rawerk.se\/wp-content\/uploads\/2026\/04\/Logotype_RAWERK_ORIGINAL_Pos-scaled.jpg","width":2560,"height":1165,"caption":"R\u00e5werk"},"image":{"@id":"https:\/\/rawerk.se\/#\/schema\/logo\/image\/"},"sameAs":["https:\/\/www.facebook.com\/rawerk\/photos?locale=sv_SE","https:\/\/www.instagram.com\/rawerk\/"]}]}},"_links":{"self":[{"href":"https:\/\/rawerk.se\/sv\/wp-json\/wp\/v2\/product\/4045","targetHints":{"allow":["GET"]}}],"collection":[{"href":"https:\/\/rawerk.se\/sv\/wp-json\/wp\/v2\/product"}],"about":[{"href":"https:\/\/rawerk.se\/sv\/wp-json\/wp\/v2\/types\/product"}],"replies":[{"embeddable":true,"href":"https:\/\/rawerk.se\/sv\/wp-json\/wp\/v2\/comments?post=4045"}],"wp:featuredmedia":[{"embeddable":true,"href":"https:\/\/rawerk.se\/sv\/wp-json\/wp\/v2\/media\/3849"}],"wp:attachment":[{"href":"https:\/\/rawerk.se\/sv\/wp-json\/wp\/v2\/media?parent=4045"}],"wp:term":[{"taxonomy":"product_brand","embeddable":true,"href":"https:\/\/rawerk.se\/sv\/wp-json\/wp\/v2\/product_brand?post=4045"},{"taxonomy":"product_cat","embeddable":true,"href":"https:\/\/rawerk.se\/sv\/wp-json\/wp\/v2\/product_cat?post=4045"},{"taxonomy":"product_tag","embeddable":true,"href":"https:\/\/rawerk.se\/sv\/wp-json\/wp\/v2\/product_tag?post=4045"}],"curies":[{"name":"wp","href":"https:\/\/api.w.org\/{rel}","templated":true}]}}