{"id":4044,"date":"2019-03-24T16:54:43","date_gmt":"2019-03-24T15:54:43","guid":{"rendered":"https:\/\/rawerk.se\/product\/chairwerk-84\/"},"modified":"2021-03-30T13:45:44","modified_gmt":"2021-03-30T11:45:44","slug":"chairwerk-84","status":"publish","type":"product","link":"https:\/\/rawerk.se\/sv\/produkt\/chairwerk-84\/","title":{"rendered":"STOL"},"content":{"rendered":"<p>Med tiden kommer skinnets patina att f\u00f6r\u00e4ndras. L\u00e4der \u00e4r ett levande material och stolens sits \u00e4r ett p\u00e5g\u00e5ende konstverk som skapats av dess \u00e4gare.<\/p>\n","protected":false},"excerpt":{"rendered":"<p><strong>STOLSSITS<br \/>\n<\/strong>Sitsen \u00e4r gjord av 4 mm ekologiskt och vegetabiliskt garvat svenskt l\u00e4der fr\u00e5n T\u00e4rnsj\u00f6 Garveri. Att anv\u00e4nda vegetabiliskt garvat l\u00e4der \u00e4r p\u00e5g\u00e5ende hantverk p\u00e5 T\u00e4rnsj\u00f6 sedan 1873 och mer \u00e4n tusen \u00e5r gammal metod som ger en h\u00e5llbar produkt och en enast\u00e5ende patina.<br \/>\nP\u00e5 baksidan och under s\u00e4tet anv\u00e4nds sitter sp\u00e4nnj\u00e4rn med vantskruv f\u00f6r att dra \u00e5t l\u00e4dret \u00f6ver tid.<\/p>\n<p><strong>STOLSRAM<br \/>\n<\/strong>Ramen \u00e4r gjord av massivt j\u00e4rn i dimensionen 10 \u00d7 10 mm och oxiderad f\u00f6r att f\u00e5 en djup svart f\u00e4rg.<\/p>\n<p><strong>M\u00c5TT<br \/>\n<\/strong> Bredd: 45 cm, Djup: 43 cm, Sitth\u00f6jd: 44 cm Ryggst\u00f6dsh\u00f6jd: 83 cm. Vikt: ca. 7,5 kg.<\/p>\n<p><strong>F\u00c4RGAT L\u00c4DER<br \/>\n<\/strong>Stolss\u00e4tet kan best\u00e4llas i fyra olika vegetabiliska garvade l\u00e4der. Svart, r\u00f6d, gr\u00f6n, m\u00f6rkbrun. Finns endast i specialbest\u00e4llning.<\/p>\n<p><strong>PRIS<br \/>\n<\/strong>1 stol: 15.000 kr<br \/>\n4 stolar: 55.000 kr..<br \/>\n6 stolar: 75.000 kr.<br \/>\nEndast tillg\u00e4nglig f\u00f6r best\u00e4llning via mejl eller telefon.<\/p>\n","protected":false},"featured_media":3567,"comment_status":"open","ping_status":"closed","template":"","meta":{"_acf_changed":false},"product_brand":[],"product_cat":[54],"product_tag":[],"class_list":{"0":"post-4044","1":"product","2":"type-product","3":"status-publish","4":"has-post-thumbnail","6":"product_cat-chairwerk-84-sv","8":"first","9":"instock","10":"shipping-taxable","11":"purchasable","12":"product-type-simple"},"acf":[],"yoast_head":"<!-- This site is optimized with the Yoast SEO plugin v27.2 - https:\/\/yoast.com\/product\/yoast-seo-wordpress\/ -->\n<title>STOL - R\u00e5werk<\/title>\n<meta name=\"robots\" content=\"index, follow, max-snippet:-1, max-image-preview:large, max-video-preview:-1\" \/>\n<link rel=\"canonical\" href=\"https:\/\/rawerk.se\/sv\/product\/chairwerk-84\/\" \/>\n<meta property=\"og:locale\" content=\"sv_SE\" \/>\n<meta property=\"og:type\" content=\"article\" \/>\n<meta property=\"og:title\" content=\"STOL - R\u00e5werk\" \/>\n<meta property=\"og:description\" content=\"STOLSSITS Sitsen \u00e4r gjord av 4 mm ekologiskt och vegetabiliskt garvat svenskt l\u00e4der fr\u00e5n T\u00e4rnsj\u00f6 Garveri. Att anv\u00e4nda vegetabiliskt garvat l\u00e4der \u00e4r p\u00e5g\u00e5ende hantverk p\u00e5 T\u00e4rnsj\u00f6 sedan 1873 och mer \u00e4n tusen \u00e5r gammal metod som ger en h\u00e5llbar produkt och en enast\u00e5ende patina. P\u00e5 baksidan och under s\u00e4tet anv\u00e4nds sitter sp\u00e4nnj\u00e4rn med vantskruv f\u00f6r att dra \u00e5t l\u00e4dret \u00f6ver tid.  STOLSRAM Ramen \u00e4r gjord av massivt j\u00e4rn i dimensionen 10 \u00d7 10 mm och oxiderad f\u00f6r att f\u00e5 en djup svart f\u00e4rg.  M\u00c5TT  Bredd: 45 cm, Djup: 43 cm, Sitth\u00f6jd: 44 cm Ryggst\u00f6dsh\u00f6jd: 83 cm. Vikt: ca. 7,5 kg.  F\u00c4RGAT L\u00c4DER Stolss\u00e4tet kan best\u00e4llas i fyra olika vegetabiliska garvade l\u00e4der. Svart, r\u00f6d, gr\u00f6n, m\u00f6rkbrun. Finns endast i specialbest\u00e4llning.  PRIS 1 stol: 15.000 kr 4 stolar: 55.000 kr.. 6 stolar: 75.000 kr. Endast tillg\u00e4nglig f\u00f6r best\u00e4llning via mejl eller telefon.\" \/>\n<meta property=\"og:url\" content=\"https:\/\/rawerk.se\/sv\/product\/chairwerk-84\/\" \/>\n<meta property=\"og:site_name\" content=\"R\u00e5werk\" \/>\n<meta property=\"article:publisher\" content=\"https:\/\/www.facebook.com\/rawerk\/photos?locale=sv_SE\" \/>\n<meta property=\"article:modified_time\" content=\"2021-03-30T11:45:44+00:00\" \/>\n<meta property=\"og:image\" content=\"https:\/\/rawerk.se\/wp-content\/uploads\/2019\/03\/Chair_7-scaled.jpg\" \/>\n\t<meta property=\"og:image:width\" content=\"1707\" \/>\n\t<meta property=\"og:image:height\" content=\"2560\" \/>\n\t<meta property=\"og:image:type\" content=\"image\/jpeg\" \/>\n<meta name=\"twitter:card\" content=\"summary_large_image\" \/>\n<script type=\"application\/ld+json\" class=\"yoast-schema-graph\">{\"@context\":\"https:\/\/schema.org\",\"@graph\":[{\"@type\":\"WebPage\",\"@id\":\"https:\/\/rawerk.se\/sv\/product\/chairwerk-84\/\",\"url\":\"https:\/\/rawerk.se\/sv\/product\/chairwerk-84\/\",\"name\":\"STOL - R\u00e5werk\",\"isPartOf\":{\"@id\":\"https:\/\/rawerk.se\/#website\"},\"primaryImageOfPage\":{\"@id\":\"https:\/\/rawerk.se\/sv\/product\/chairwerk-84\/#primaryimage\"},\"image\":{\"@id\":\"https:\/\/rawerk.se\/sv\/product\/chairwerk-84\/#primaryimage\"},\"thumbnailUrl\":\"https:\/\/rawerk.se\/wp-content\/uploads\/2019\/03\/Chair_7-scaled.jpg\",\"datePublished\":\"2019-03-24T15:54:43+00:00\",\"dateModified\":\"2021-03-30T11:45:44+00:00\",\"breadcrumb\":{\"@id\":\"https:\/\/rawerk.se\/sv\/product\/chairwerk-84\/#breadcrumb\"},\"inLanguage\":\"sv-SE\",\"potentialAction\":[{\"@type\":\"ReadAction\",\"target\":[\"https:\/\/rawerk.se\/sv\/product\/chairwerk-84\/\"]}]},{\"@type\":\"ImageObject\",\"inLanguage\":\"sv-SE\",\"@id\":\"https:\/\/rawerk.se\/sv\/product\/chairwerk-84\/#primaryimage\",\"url\":\"https:\/\/rawerk.se\/wp-content\/uploads\/2019\/03\/Chair_7-scaled.jpg\",\"contentUrl\":\"https:\/\/rawerk.se\/wp-content\/uploads\/2019\/03\/Chair_7-scaled.jpg\",\"width\":1707,\"height\":2560},{\"@type\":\"BreadcrumbList\",\"@id\":\"https:\/\/rawerk.se\/sv\/product\/chairwerk-84\/#breadcrumb\",\"itemListElement\":[{\"@type\":\"ListItem\",\"position\":1,\"name\":\"Hem\",\"item\":\"https:\/\/rawerk.se\/sv\/\"},{\"@type\":\"ListItem\",\"position\":2,\"name\":\"Butik\",\"item\":\"https:\/\/rawerk.se\/sv\/butik\/\"},{\"@type\":\"ListItem\",\"position\":3,\"name\":\"STOL\"}]},{\"@type\":\"WebSite\",\"@id\":\"https:\/\/rawerk.se\/#website\",\"url\":\"https:\/\/rawerk.se\/\",\"name\":\"R\u00e5werk\",\"description\":\"\",\"publisher\":{\"@id\":\"https:\/\/rawerk.se\/#organization\"},\"potentialAction\":[{\"@type\":\"SearchAction\",\"target\":{\"@type\":\"EntryPoint\",\"urlTemplate\":\"https:\/\/rawerk.se\/?s={search_term_string}\"},\"query-input\":{\"@type\":\"PropertyValueSpecification\",\"valueRequired\":true,\"valueName\":\"search_term_string\"}}],\"inLanguage\":\"sv-SE\"},{\"@type\":\"Organization\",\"@id\":\"https:\/\/rawerk.se\/#organization\",\"name\":\"R\u00e5werk\",\"url\":\"https:\/\/rawerk.se\/\",\"logo\":{\"@type\":\"ImageObject\",\"inLanguage\":\"sv-SE\",\"@id\":\"https:\/\/rawerk.se\/#\/schema\/logo\/image\/\",\"url\":\"https:\/\/rawerk.se\/wp-content\/uploads\/2026\/04\/Logotype_RAWERK_ORIGINAL_Pos-scaled.jpg\",\"contentUrl\":\"https:\/\/rawerk.se\/wp-content\/uploads\/2026\/04\/Logotype_RAWERK_ORIGINAL_Pos-scaled.jpg\",\"width\":2560,\"height\":1165,\"caption\":\"R\u00e5werk\"},\"image\":{\"@id\":\"https:\/\/rawerk.se\/#\/schema\/logo\/image\/\"},\"sameAs\":[\"https:\/\/www.facebook.com\/rawerk\/photos?locale=sv_SE\",\"https:\/\/www.instagram.com\/rawerk\/\"]}]}<\/script>\n<!-- \/ Yoast SEO plugin. -->","yoast_head_json":{"title":"STOL - R\u00e5werk","robots":{"index":"index","follow":"follow","max-snippet":"max-snippet:-1","max-image-preview":"max-image-preview:large","max-video-preview":"max-video-preview:-1"},"canonical":"https:\/\/rawerk.se\/sv\/product\/chairwerk-84\/","og_locale":"sv_SE","og_type":"article","og_title":"STOL - R\u00e5werk","og_description":"STOLSSITS Sitsen \u00e4r gjord av 4 mm ekologiskt och vegetabiliskt garvat svenskt l\u00e4der fr\u00e5n T\u00e4rnsj\u00f6 Garveri. Att anv\u00e4nda vegetabiliskt garvat l\u00e4der \u00e4r p\u00e5g\u00e5ende hantverk p\u00e5 T\u00e4rnsj\u00f6 sedan 1873 och mer \u00e4n tusen \u00e5r gammal metod som ger en h\u00e5llbar produkt och en enast\u00e5ende patina. P\u00e5 baksidan och under s\u00e4tet anv\u00e4nds sitter sp\u00e4nnj\u00e4rn med vantskruv f\u00f6r att dra \u00e5t l\u00e4dret \u00f6ver tid.  STOLSRAM Ramen \u00e4r gjord av massivt j\u00e4rn i dimensionen 10 \u00d7 10 mm och oxiderad f\u00f6r att f\u00e5 en djup svart f\u00e4rg.  M\u00c5TT  Bredd: 45 cm, Djup: 43 cm, Sitth\u00f6jd: 44 cm Ryggst\u00f6dsh\u00f6jd: 83 cm. Vikt: ca. 7,5 kg.  F\u00c4RGAT L\u00c4DER Stolss\u00e4tet kan best\u00e4llas i fyra olika vegetabiliska garvade l\u00e4der. Svart, r\u00f6d, gr\u00f6n, m\u00f6rkbrun. Finns endast i specialbest\u00e4llning.  PRIS 1 stol: 15.000 kr 4 stolar: 55.000 kr.. 6 stolar: 75.000 kr. Endast tillg\u00e4nglig f\u00f6r best\u00e4llning via mejl eller telefon.","og_url":"https:\/\/rawerk.se\/sv\/product\/chairwerk-84\/","og_site_name":"R\u00e5werk","article_publisher":"https:\/\/www.facebook.com\/rawerk\/photos?locale=sv_SE","article_modified_time":"2021-03-30T11:45:44+00:00","og_image":[{"width":1707,"height":2560,"url":"https:\/\/rawerk.se\/wp-content\/uploads\/2019\/03\/Chair_7-scaled.jpg","type":"image\/jpeg"}],"twitter_card":"summary_large_image","schema":{"@context":"https:\/\/schema.org","@graph":[{"@type":"WebPage","@id":"https:\/\/rawerk.se\/sv\/product\/chairwerk-84\/","url":"https:\/\/rawerk.se\/sv\/product\/chairwerk-84\/","name":"STOL - R\u00e5werk","isPartOf":{"@id":"https:\/\/rawerk.se\/#website"},"primaryImageOfPage":{"@id":"https:\/\/rawerk.se\/sv\/product\/chairwerk-84\/#primaryimage"},"image":{"@id":"https:\/\/rawerk.se\/sv\/product\/chairwerk-84\/#primaryimage"},"thumbnailUrl":"https:\/\/rawerk.se\/wp-content\/uploads\/2019\/03\/Chair_7-scaled.jpg","datePublished":"2019-03-24T15:54:43+00:00","dateModified":"2021-03-30T11:45:44+00:00","breadcrumb":{"@id":"https:\/\/rawerk.se\/sv\/product\/chairwerk-84\/#breadcrumb"},"inLanguage":"sv-SE","potentialAction":[{"@type":"ReadAction","target":["https:\/\/rawerk.se\/sv\/product\/chairwerk-84\/"]}]},{"@type":"ImageObject","inLanguage":"sv-SE","@id":"https:\/\/rawerk.se\/sv\/product\/chairwerk-84\/#primaryimage","url":"https:\/\/rawerk.se\/wp-content\/uploads\/2019\/03\/Chair_7-scaled.jpg","contentUrl":"https:\/\/rawerk.se\/wp-content\/uploads\/2019\/03\/Chair_7-scaled.jpg","width":1707,"height":2560},{"@type":"BreadcrumbList","@id":"https:\/\/rawerk.se\/sv\/product\/chairwerk-84\/#breadcrumb","itemListElement":[{"@type":"ListItem","position":1,"name":"Hem","item":"https:\/\/rawerk.se\/sv\/"},{"@type":"ListItem","position":2,"name":"Butik","item":"https:\/\/rawerk.se\/sv\/butik\/"},{"@type":"ListItem","position":3,"name":"STOL"}]},{"@type":"WebSite","@id":"https:\/\/rawerk.se\/#website","url":"https:\/\/rawerk.se\/","name":"R\u00e5werk","description":"","publisher":{"@id":"https:\/\/rawerk.se\/#organization"},"potentialAction":[{"@type":"SearchAction","target":{"@type":"EntryPoint","urlTemplate":"https:\/\/rawerk.se\/?s={search_term_string}"},"query-input":{"@type":"PropertyValueSpecification","valueRequired":true,"valueName":"search_term_string"}}],"inLanguage":"sv-SE"},{"@type":"Organization","@id":"https:\/\/rawerk.se\/#organization","name":"R\u00e5werk","url":"https:\/\/rawerk.se\/","logo":{"@type":"ImageObject","inLanguage":"sv-SE","@id":"https:\/\/rawerk.se\/#\/schema\/logo\/image\/","url":"https:\/\/rawerk.se\/wp-content\/uploads\/2026\/04\/Logotype_RAWERK_ORIGINAL_Pos-scaled.jpg","contentUrl":"https:\/\/rawerk.se\/wp-content\/uploads\/2026\/04\/Logotype_RAWERK_ORIGINAL_Pos-scaled.jpg","width":2560,"height":1165,"caption":"R\u00e5werk"},"image":{"@id":"https:\/\/rawerk.se\/#\/schema\/logo\/image\/"},"sameAs":["https:\/\/www.facebook.com\/rawerk\/photos?locale=sv_SE","https:\/\/www.instagram.com\/rawerk\/"]}]}},"_links":{"self":[{"href":"https:\/\/rawerk.se\/sv\/wp-json\/wp\/v2\/product\/4044","targetHints":{"allow":["GET"]}}],"collection":[{"href":"https:\/\/rawerk.se\/sv\/wp-json\/wp\/v2\/product"}],"about":[{"href":"https:\/\/rawerk.se\/sv\/wp-json\/wp\/v2\/types\/product"}],"replies":[{"embeddable":true,"href":"https:\/\/rawerk.se\/sv\/wp-json\/wp\/v2\/comments?post=4044"}],"wp:featuredmedia":[{"embeddable":true,"href":"https:\/\/rawerk.se\/sv\/wp-json\/wp\/v2\/media\/3567"}],"wp:attachment":[{"href":"https:\/\/rawerk.se\/sv\/wp-json\/wp\/v2\/media?parent=4044"}],"wp:term":[{"taxonomy":"product_brand","embeddable":true,"href":"https:\/\/rawerk.se\/sv\/wp-json\/wp\/v2\/product_brand?post=4044"},{"taxonomy":"product_cat","embeddable":true,"href":"https:\/\/rawerk.se\/sv\/wp-json\/wp\/v2\/product_cat?post=4044"},{"taxonomy":"product_tag","embeddable":true,"href":"https:\/\/rawerk.se\/sv\/wp-json\/wp\/v2\/product_tag?post=4044"}],"curies":[{"name":"wp","href":"https:\/\/api.w.org\/{rel}","templated":true}]}}