{"id":3910,"date":"2016-10-17T09:36:55","date_gmt":"2016-10-17T07:36:55","guid":{"rendered":"https:\/\/rawerk.se\/home\/"},"modified":"2026-04-22T14:00:44","modified_gmt":"2026-04-22T12:00:44","slug":"home","status":"publish","type":"page","link":"https:\/\/rawerk.se\/sv\/","title":{"rendered":"Home"},"content":{"rendered":"","protected":false},"excerpt":{"rendered":"","protected":false},"author":2,"featured_media":3283,"parent":0,"menu_order":20,"comment_status":"closed","ping_status":"closed","template":"","meta":{"_acf_changed":false,"footnotes":""},"class_list":["post-3910","page","type-page","status-publish","has-post-thumbnail","hentry"],"acf":[],"yoast_head":"<!-- This site is optimized with the Yoast SEO plugin v27.2 - https:\/\/yoast.com\/product\/yoast-seo-wordpress\/ -->\n<title>R\u00e5werk - Handgjorda m\u00f6bler i metall, tr\u00e4 och l\u00e4der | R\u00e5werk Bergslagen<\/title>\n<meta name=\"description\" content=\"Handgjorda m\u00f6bler och konstobjekt i metall, tr\u00e4 och l\u00e4der fr\u00e5n Bergslagen. Tillverkas i sm\u00e5 serier med fokus p\u00e5 hantverk, material och l\u00e5ng h\u00e5llbarhet.\" \/>\n<meta name=\"robots\" content=\"index, follow, max-snippet:-1, max-image-preview:large, max-video-preview:-1\" \/>\n<link rel=\"canonical\" href=\"https:\/\/rawerk.se\/sv\/\" \/>\n<meta property=\"og:locale\" content=\"sv_SE\" \/>\n<meta property=\"og:type\" content=\"article\" \/>\n<meta property=\"og:title\" content=\"R\u00e5werk - Handgjorda m\u00f6bler i metall, tr\u00e4 och l\u00e4der | R\u00e5werk Bergslagen\" \/>\n<meta property=\"og:description\" content=\"Handgjorda m\u00f6bler och konstobjekt i metall, tr\u00e4 och l\u00e4der fr\u00e5n Bergslagen. Tillverkas i sm\u00e5 serier med fokus p\u00e5 hantverk, material och l\u00e5ng h\u00e5llbarhet.\" \/>\n<meta property=\"og:url\" content=\"https:\/\/rawerk.se\/sv\/\" \/>\n<meta property=\"og:site_name\" content=\"R\u00e5werk\" \/>\n<meta property=\"article:publisher\" content=\"https:\/\/www.facebook.com\/rawerk\/photos?locale=sv_SE\" \/>\n<meta property=\"article:modified_time\" content=\"2026-04-22T12:00:44+00:00\" \/>\n<meta property=\"og:image\" content=\"https:\/\/rawerk.se\/wp-content\/uploads\/2016\/10\/nattskog.jpg\" \/>\n\t<meta property=\"og:image:width\" content=\"1633\" \/>\n\t<meta property=\"og:image:height\" content=\"1134\" \/>\n\t<meta property=\"og:image:type\" content=\"image\/jpeg\" \/>\n<meta name=\"twitter:card\" content=\"summary_large_image\" \/>\n<meta name=\"twitter:label1\" content=\"Ber\u00e4knad l\u00e4stid\" \/>\n\t<meta name=\"twitter:data1\" content=\"1 minut\" \/>\n<script type=\"application\/ld+json\" class=\"yoast-schema-graph\">{\"@context\":\"https:\/\/schema.org\",\"@graph\":[{\"@type\":\"WebPage\",\"@id\":\"https:\/\/rawerk.se\/sv\/\",\"url\":\"https:\/\/rawerk.se\/sv\/\",\"name\":\"R\u00e5werk - Handgjorda m\u00f6bler i metall, tr\u00e4 och l\u00e4der | R\u00e5werk Bergslagen\",\"isPartOf\":{\"@id\":\"https:\/\/rawerk.se\/#website\"},\"primaryImageOfPage\":{\"@id\":\"https:\/\/rawerk.se\/sv\/#primaryimage\"},\"image\":{\"@id\":\"https:\/\/rawerk.se\/sv\/#primaryimage\"},\"thumbnailUrl\":\"https:\/\/rawerk.se\/wp-content\/uploads\/2016\/10\/nattskog.jpg\",\"datePublished\":\"2016-10-17T07:36:55+00:00\",\"dateModified\":\"2026-04-22T12:00:44+00:00\",\"description\":\"Handgjorda m\u00f6bler och konstobjekt i metall, tr\u00e4 och l\u00e4der fr\u00e5n Bergslagen. Tillverkas i sm\u00e5 serier med fokus p\u00e5 hantverk, material och l\u00e5ng h\u00e5llbarhet.\",\"breadcrumb\":{\"@id\":\"https:\/\/rawerk.se\/sv\/#breadcrumb\"},\"inLanguage\":\"sv-SE\",\"potentialAction\":[{\"@type\":\"ReadAction\",\"target\":[\"https:\/\/rawerk.se\/sv\/\"]}]},{\"@type\":\"ImageObject\",\"inLanguage\":\"sv-SE\",\"@id\":\"https:\/\/rawerk.se\/sv\/#primaryimage\",\"url\":\"https:\/\/rawerk.se\/wp-content\/uploads\/2016\/10\/nattskog.jpg\",\"contentUrl\":\"https:\/\/rawerk.se\/wp-content\/uploads\/2016\/10\/nattskog.jpg\",\"width\":1633,\"height\":1134},{\"@type\":\"BreadcrumbList\",\"@id\":\"https:\/\/rawerk.se\/sv\/#breadcrumb\",\"itemListElement\":[{\"@type\":\"ListItem\",\"position\":1,\"name\":\"Hem\",\"item\":\"https:\/\/rawerk.se\/sv\/\"},{\"@type\":\"ListItem\",\"position\":2,\"name\":\"Home\"}]},{\"@type\":\"WebSite\",\"@id\":\"https:\/\/rawerk.se\/#website\",\"url\":\"https:\/\/rawerk.se\/\",\"name\":\"R\u00e5werk\",\"description\":\"\",\"publisher\":{\"@id\":\"https:\/\/rawerk.se\/#organization\"},\"potentialAction\":[{\"@type\":\"SearchAction\",\"target\":{\"@type\":\"EntryPoint\",\"urlTemplate\":\"https:\/\/rawerk.se\/?s={search_term_string}\"},\"query-input\":{\"@type\":\"PropertyValueSpecification\",\"valueRequired\":true,\"valueName\":\"search_term_string\"}}],\"inLanguage\":\"sv-SE\"},{\"@type\":\"Organization\",\"@id\":\"https:\/\/rawerk.se\/#organization\",\"name\":\"R\u00e5werk\",\"url\":\"https:\/\/rawerk.se\/\",\"logo\":{\"@type\":\"ImageObject\",\"inLanguage\":\"sv-SE\",\"@id\":\"https:\/\/rawerk.se\/#\/schema\/logo\/image\/\",\"url\":\"https:\/\/rawerk.se\/wp-content\/uploads\/2026\/04\/Logotype_RAWERK_ORIGINAL_Pos-scaled.jpg\",\"contentUrl\":\"https:\/\/rawerk.se\/wp-content\/uploads\/2026\/04\/Logotype_RAWERK_ORIGINAL_Pos-scaled.jpg\",\"width\":2560,\"height\":1165,\"caption\":\"R\u00e5werk\"},\"image\":{\"@id\":\"https:\/\/rawerk.se\/#\/schema\/logo\/image\/\"},\"sameAs\":[\"https:\/\/www.facebook.com\/rawerk\/photos?locale=sv_SE\",\"https:\/\/www.instagram.com\/rawerk\/\"]}]}<\/script>\n<!-- \/ Yoast SEO plugin. -->","yoast_head_json":{"title":"R\u00e5werk - Handgjorda m\u00f6bler i metall, tr\u00e4 och l\u00e4der | R\u00e5werk Bergslagen","description":"Handgjorda m\u00f6bler och konstobjekt i metall, tr\u00e4 och l\u00e4der fr\u00e5n Bergslagen. Tillverkas i sm\u00e5 serier med fokus p\u00e5 hantverk, material och l\u00e5ng h\u00e5llbarhet.","robots":{"index":"index","follow":"follow","max-snippet":"max-snippet:-1","max-image-preview":"max-image-preview:large","max-video-preview":"max-video-preview:-1"},"canonical":"https:\/\/rawerk.se\/sv\/","og_locale":"sv_SE","og_type":"article","og_title":"R\u00e5werk - Handgjorda m\u00f6bler i metall, tr\u00e4 och l\u00e4der | R\u00e5werk Bergslagen","og_description":"Handgjorda m\u00f6bler och konstobjekt i metall, tr\u00e4 och l\u00e4der fr\u00e5n Bergslagen. Tillverkas i sm\u00e5 serier med fokus p\u00e5 hantverk, material och l\u00e5ng h\u00e5llbarhet.","og_url":"https:\/\/rawerk.se\/sv\/","og_site_name":"R\u00e5werk","article_publisher":"https:\/\/www.facebook.com\/rawerk\/photos?locale=sv_SE","article_modified_time":"2026-04-22T12:00:44+00:00","og_image":[{"width":1633,"height":1134,"url":"https:\/\/rawerk.se\/wp-content\/uploads\/2016\/10\/nattskog.jpg","type":"image\/jpeg"}],"twitter_card":"summary_large_image","twitter_misc":{"Ber\u00e4knad l\u00e4stid":"1 minut"},"schema":{"@context":"https:\/\/schema.org","@graph":[{"@type":"WebPage","@id":"https:\/\/rawerk.se\/sv\/","url":"https:\/\/rawerk.se\/sv\/","name":"R\u00e5werk - Handgjorda m\u00f6bler i metall, tr\u00e4 och l\u00e4der | R\u00e5werk Bergslagen","isPartOf":{"@id":"https:\/\/rawerk.se\/#website"},"primaryImageOfPage":{"@id":"https:\/\/rawerk.se\/sv\/#primaryimage"},"image":{"@id":"https:\/\/rawerk.se\/sv\/#primaryimage"},"thumbnailUrl":"https:\/\/rawerk.se\/wp-content\/uploads\/2016\/10\/nattskog.jpg","datePublished":"2016-10-17T07:36:55+00:00","dateModified":"2026-04-22T12:00:44+00:00","description":"Handgjorda m\u00f6bler och konstobjekt i metall, tr\u00e4 och l\u00e4der fr\u00e5n Bergslagen. Tillverkas i sm\u00e5 serier med fokus p\u00e5 hantverk, material och l\u00e5ng h\u00e5llbarhet.","breadcrumb":{"@id":"https:\/\/rawerk.se\/sv\/#breadcrumb"},"inLanguage":"sv-SE","potentialAction":[{"@type":"ReadAction","target":["https:\/\/rawerk.se\/sv\/"]}]},{"@type":"ImageObject","inLanguage":"sv-SE","@id":"https:\/\/rawerk.se\/sv\/#primaryimage","url":"https:\/\/rawerk.se\/wp-content\/uploads\/2016\/10\/nattskog.jpg","contentUrl":"https:\/\/rawerk.se\/wp-content\/uploads\/2016\/10\/nattskog.jpg","width":1633,"height":1134},{"@type":"BreadcrumbList","@id":"https:\/\/rawerk.se\/sv\/#breadcrumb","itemListElement":[{"@type":"ListItem","position":1,"name":"Hem","item":"https:\/\/rawerk.se\/sv\/"},{"@type":"ListItem","position":2,"name":"Home"}]},{"@type":"WebSite","@id":"https:\/\/rawerk.se\/#website","url":"https:\/\/rawerk.se\/","name":"R\u00e5werk","description":"","publisher":{"@id":"https:\/\/rawerk.se\/#organization"},"potentialAction":[{"@type":"SearchAction","target":{"@type":"EntryPoint","urlTemplate":"https:\/\/rawerk.se\/?s={search_term_string}"},"query-input":{"@type":"PropertyValueSpecification","valueRequired":true,"valueName":"search_term_string"}}],"inLanguage":"sv-SE"},{"@type":"Organization","@id":"https:\/\/rawerk.se\/#organization","name":"R\u00e5werk","url":"https:\/\/rawerk.se\/","logo":{"@type":"ImageObject","inLanguage":"sv-SE","@id":"https:\/\/rawerk.se\/#\/schema\/logo\/image\/","url":"https:\/\/rawerk.se\/wp-content\/uploads\/2026\/04\/Logotype_RAWERK_ORIGINAL_Pos-scaled.jpg","contentUrl":"https:\/\/rawerk.se\/wp-content\/uploads\/2026\/04\/Logotype_RAWERK_ORIGINAL_Pos-scaled.jpg","width":2560,"height":1165,"caption":"R\u00e5werk"},"image":{"@id":"https:\/\/rawerk.se\/#\/schema\/logo\/image\/"},"sameAs":["https:\/\/www.facebook.com\/rawerk\/photos?locale=sv_SE","https:\/\/www.instagram.com\/rawerk\/"]}]}},"_links":{"self":[{"href":"https:\/\/rawerk.se\/sv\/wp-json\/wp\/v2\/pages\/3910","targetHints":{"allow":["GET"]}}],"collection":[{"href":"https:\/\/rawerk.se\/sv\/wp-json\/wp\/v2\/pages"}],"about":[{"href":"https:\/\/rawerk.se\/sv\/wp-json\/wp\/v2\/types\/page"}],"author":[{"embeddable":true,"href":"https:\/\/rawerk.se\/sv\/wp-json\/wp\/v2\/users\/2"}],"replies":[{"embeddable":true,"href":"https:\/\/rawerk.se\/sv\/wp-json\/wp\/v2\/comments?post=3910"}],"version-history":[{"count":20,"href":"https:\/\/rawerk.se\/sv\/wp-json\/wp\/v2\/pages\/3910\/revisions"}],"predecessor-version":[{"id":4791,"href":"https:\/\/rawerk.se\/sv\/wp-json\/wp\/v2\/pages\/3910\/revisions\/4791"}],"wp:featuredmedia":[{"embeddable":true,"href":"https:\/\/rawerk.se\/sv\/wp-json\/wp\/v2\/media\/3283"}],"wp:attachment":[{"href":"https:\/\/rawerk.se\/sv\/wp-json\/wp\/v2\/media?parent=3910"}],"curies":[{"name":"wp","href":"https:\/\/api.w.org\/{rel}","templated":true}]}}