{"id":3068,"date":"2016-11-02T10:05:07","date_gmt":"2016-11-02T09:05:07","guid":{"rendered":"https:\/\/rawerk.se\/our-story\/"},"modified":"2026-04-22T15:05:11","modified_gmt":"2026-04-22T13:05:11","slug":"our-story","status":"publish","type":"page","link":"https:\/\/rawerk.se\/sv\/our-story\/","title":{"rendered":"Our Story"},"content":{"rendered":"","protected":false},"excerpt":{"rendered":"","protected":false},"author":2,"featured_media":0,"parent":0,"menu_order":37,"comment_status":"closed","ping_status":"closed","template":"","meta":{"_acf_changed":false,"footnotes":""},"class_list":["post-3068","page","type-page","status-publish","hentry"],"acf":[],"yoast_head":"<!-- This site is optimized with the Yoast SEO plugin v27.2 - https:\/\/yoast.com\/product\/yoast-seo-wordpress\/ -->\n<title>Our Story - R\u00e5werk V\u00e5r historia | Handgjorda m\u00f6bler fr\u00e5n Sverige | R\u00e5werk<\/title>\n<meta name=\"description\" content=\"Uppt\u00e4ck historien bakom R\u00e5werk och v\u00e5ra handgjorda m\u00f6bler i Sverige. Skapade i Bergslagen i metall, tr\u00e4 och l\u00e4der, f\u00f6r att \u00e5ldras vackert\" \/>\n<meta name=\"robots\" content=\"index, follow, max-snippet:-1, max-image-preview:large, max-video-preview:-1\" \/>\n<link rel=\"canonical\" href=\"https:\/\/rawerk.se\/sv\/our-story\/\" \/>\n<meta property=\"og:locale\" content=\"sv_SE\" \/>\n<meta property=\"og:type\" content=\"article\" \/>\n<meta property=\"og:title\" content=\"Our Story - R\u00e5werk V\u00e5r historia | Handgjorda m\u00f6bler fr\u00e5n Sverige | R\u00e5werk\" \/>\n<meta property=\"og:description\" content=\"Uppt\u00e4ck historien bakom R\u00e5werk och v\u00e5ra handgjorda m\u00f6bler i Sverige. Skapade i Bergslagen i metall, tr\u00e4 och l\u00e4der, f\u00f6r att \u00e5ldras vackert\" \/>\n<meta property=\"og:url\" content=\"https:\/\/rawerk.se\/sv\/our-story\/\" \/>\n<meta property=\"og:site_name\" content=\"R\u00e5werk\" \/>\n<meta property=\"article:publisher\" content=\"https:\/\/www.facebook.com\/rawerk\/photos?locale=sv_SE\" \/>\n<meta property=\"article:modified_time\" content=\"2026-04-22T13:05:11+00:00\" \/>\n<meta name=\"twitter:card\" content=\"summary_large_image\" \/>\n<script type=\"application\/ld+json\" class=\"yoast-schema-graph\">{\"@context\":\"https:\/\/schema.org\",\"@graph\":[{\"@type\":\"WebPage\",\"@id\":\"https:\/\/rawerk.se\/sv\/our-story\/\",\"url\":\"https:\/\/rawerk.se\/sv\/our-story\/\",\"name\":\"Our Story - R\u00e5werk V\u00e5r historia | Handgjorda m\u00f6bler fr\u00e5n Sverige | R\u00e5werk\",\"isPartOf\":{\"@id\":\"https:\/\/rawerk.se\/#website\"},\"datePublished\":\"2016-11-02T09:05:07+00:00\",\"dateModified\":\"2026-04-22T13:05:11+00:00\",\"description\":\"Uppt\u00e4ck historien bakom R\u00e5werk och v\u00e5ra handgjorda m\u00f6bler i Sverige. Skapade i Bergslagen i metall, tr\u00e4 och l\u00e4der, f\u00f6r att \u00e5ldras vackert\",\"breadcrumb\":{\"@id\":\"https:\/\/rawerk.se\/sv\/our-story\/#breadcrumb\"},\"inLanguage\":\"sv-SE\",\"potentialAction\":[{\"@type\":\"ReadAction\",\"target\":[\"https:\/\/rawerk.se\/sv\/our-story\/\"]}]},{\"@type\":\"BreadcrumbList\",\"@id\":\"https:\/\/rawerk.se\/sv\/our-story\/#breadcrumb\",\"itemListElement\":[{\"@type\":\"ListItem\",\"position\":1,\"name\":\"Hem\",\"item\":\"https:\/\/rawerk.se\/sv\/\"},{\"@type\":\"ListItem\",\"position\":2,\"name\":\"Our Story\"}]},{\"@type\":\"WebSite\",\"@id\":\"https:\/\/rawerk.se\/#website\",\"url\":\"https:\/\/rawerk.se\/\",\"name\":\"R\u00e5werk\",\"description\":\"\",\"publisher\":{\"@id\":\"https:\/\/rawerk.se\/#organization\"},\"potentialAction\":[{\"@type\":\"SearchAction\",\"target\":{\"@type\":\"EntryPoint\",\"urlTemplate\":\"https:\/\/rawerk.se\/?s={search_term_string}\"},\"query-input\":{\"@type\":\"PropertyValueSpecification\",\"valueRequired\":true,\"valueName\":\"search_term_string\"}}],\"inLanguage\":\"sv-SE\"},{\"@type\":\"Organization\",\"@id\":\"https:\/\/rawerk.se\/#organization\",\"name\":\"R\u00e5werk\",\"url\":\"https:\/\/rawerk.se\/\",\"logo\":{\"@type\":\"ImageObject\",\"inLanguage\":\"sv-SE\",\"@id\":\"https:\/\/rawerk.se\/#\/schema\/logo\/image\/\",\"url\":\"https:\/\/rawerk.se\/wp-content\/uploads\/2026\/04\/Logotype_RAWERK_ORIGINAL_Pos-scaled.jpg\",\"contentUrl\":\"https:\/\/rawerk.se\/wp-content\/uploads\/2026\/04\/Logotype_RAWERK_ORIGINAL_Pos-scaled.jpg\",\"width\":2560,\"height\":1165,\"caption\":\"R\u00e5werk\"},\"image\":{\"@id\":\"https:\/\/rawerk.se\/#\/schema\/logo\/image\/\"},\"sameAs\":[\"https:\/\/www.facebook.com\/rawerk\/photos?locale=sv_SE\",\"https:\/\/www.instagram.com\/rawerk\/\"]}]}<\/script>\n<!-- \/ Yoast SEO plugin. -->","yoast_head_json":{"title":"Our Story - R\u00e5werk V\u00e5r historia | Handgjorda m\u00f6bler fr\u00e5n Sverige | R\u00e5werk","description":"Uppt\u00e4ck historien bakom R\u00e5werk och v\u00e5ra handgjorda m\u00f6bler i Sverige. Skapade i Bergslagen i metall, tr\u00e4 och l\u00e4der, f\u00f6r att \u00e5ldras vackert","robots":{"index":"index","follow":"follow","max-snippet":"max-snippet:-1","max-image-preview":"max-image-preview:large","max-video-preview":"max-video-preview:-1"},"canonical":"https:\/\/rawerk.se\/sv\/our-story\/","og_locale":"sv_SE","og_type":"article","og_title":"Our Story - R\u00e5werk V\u00e5r historia | Handgjorda m\u00f6bler fr\u00e5n Sverige | R\u00e5werk","og_description":"Uppt\u00e4ck historien bakom R\u00e5werk och v\u00e5ra handgjorda m\u00f6bler i Sverige. Skapade i Bergslagen i metall, tr\u00e4 och l\u00e4der, f\u00f6r att \u00e5ldras vackert","og_url":"https:\/\/rawerk.se\/sv\/our-story\/","og_site_name":"R\u00e5werk","article_publisher":"https:\/\/www.facebook.com\/rawerk\/photos?locale=sv_SE","article_modified_time":"2026-04-22T13:05:11+00:00","twitter_card":"summary_large_image","schema":{"@context":"https:\/\/schema.org","@graph":[{"@type":"WebPage","@id":"https:\/\/rawerk.se\/sv\/our-story\/","url":"https:\/\/rawerk.se\/sv\/our-story\/","name":"Our Story - R\u00e5werk V\u00e5r historia | Handgjorda m\u00f6bler fr\u00e5n Sverige | R\u00e5werk","isPartOf":{"@id":"https:\/\/rawerk.se\/#website"},"datePublished":"2016-11-02T09:05:07+00:00","dateModified":"2026-04-22T13:05:11+00:00","description":"Uppt\u00e4ck historien bakom R\u00e5werk och v\u00e5ra handgjorda m\u00f6bler i Sverige. Skapade i Bergslagen i metall, tr\u00e4 och l\u00e4der, f\u00f6r att \u00e5ldras vackert","breadcrumb":{"@id":"https:\/\/rawerk.se\/sv\/our-story\/#breadcrumb"},"inLanguage":"sv-SE","potentialAction":[{"@type":"ReadAction","target":["https:\/\/rawerk.se\/sv\/our-story\/"]}]},{"@type":"BreadcrumbList","@id":"https:\/\/rawerk.se\/sv\/our-story\/#breadcrumb","itemListElement":[{"@type":"ListItem","position":1,"name":"Hem","item":"https:\/\/rawerk.se\/sv\/"},{"@type":"ListItem","position":2,"name":"Our Story"}]},{"@type":"WebSite","@id":"https:\/\/rawerk.se\/#website","url":"https:\/\/rawerk.se\/","name":"R\u00e5werk","description":"","publisher":{"@id":"https:\/\/rawerk.se\/#organization"},"potentialAction":[{"@type":"SearchAction","target":{"@type":"EntryPoint","urlTemplate":"https:\/\/rawerk.se\/?s={search_term_string}"},"query-input":{"@type":"PropertyValueSpecification","valueRequired":true,"valueName":"search_term_string"}}],"inLanguage":"sv-SE"},{"@type":"Organization","@id":"https:\/\/rawerk.se\/#organization","name":"R\u00e5werk","url":"https:\/\/rawerk.se\/","logo":{"@type":"ImageObject","inLanguage":"sv-SE","@id":"https:\/\/rawerk.se\/#\/schema\/logo\/image\/","url":"https:\/\/rawerk.se\/wp-content\/uploads\/2026\/04\/Logotype_RAWERK_ORIGINAL_Pos-scaled.jpg","contentUrl":"https:\/\/rawerk.se\/wp-content\/uploads\/2026\/04\/Logotype_RAWERK_ORIGINAL_Pos-scaled.jpg","width":2560,"height":1165,"caption":"R\u00e5werk"},"image":{"@id":"https:\/\/rawerk.se\/#\/schema\/logo\/image\/"},"sameAs":["https:\/\/www.facebook.com\/rawerk\/photos?locale=sv_SE","https:\/\/www.instagram.com\/rawerk\/"]}]}},"_links":{"self":[{"href":"https:\/\/rawerk.se\/sv\/wp-json\/wp\/v2\/pages\/3068","targetHints":{"allow":["GET"]}}],"collection":[{"href":"https:\/\/rawerk.se\/sv\/wp-json\/wp\/v2\/pages"}],"about":[{"href":"https:\/\/rawerk.se\/sv\/wp-json\/wp\/v2\/types\/page"}],"author":[{"embeddable":true,"href":"https:\/\/rawerk.se\/sv\/wp-json\/wp\/v2\/users\/2"}],"replies":[{"embeddable":true,"href":"https:\/\/rawerk.se\/sv\/wp-json\/wp\/v2\/comments?post=3068"}],"version-history":[{"count":2,"href":"https:\/\/rawerk.se\/sv\/wp-json\/wp\/v2\/pages\/3068\/revisions"}],"predecessor-version":[{"id":4800,"href":"https:\/\/rawerk.se\/sv\/wp-json\/wp\/v2\/pages\/3068\/revisions\/4800"}],"wp:attachment":[{"href":"https:\/\/rawerk.se\/sv\/wp-json\/wp\/v2\/media?parent=3068"}],"curies":[{"name":"wp","href":"https:\/\/api.w.org\/{rel}","templated":true}]}}